{"id":14,"date":"2022-06-09T01:11:15","date_gmt":"2022-06-09T05:11:15","guid":{"rendered":"https:\/\/unioncityminidentalimplants.com\/?page_id=14"},"modified":"2024-10-17T07:58:17","modified_gmt":"2024-10-17T11:58:17","slug":"servicios","status":"publish","type":"page","link":"https:\/\/unioncityminidentalimplants.com\/es\/services\/","title":{"rendered":"Servicios"},"content":{"rendered":"<section class=\"section dark has-parallax\" id=\"section_1582572367\">\n\t\t<div class=\"section-bg fill\" data-parallax-container=\".section\" data-parallax-background data-parallax=\"-5\">\n\t\t\t<img loading=\"lazy\" decoding=\"async\" width=\"2560\" height=\"805\" src=\"https:\/\/unioncityminidentalimplants.com\/wp-content\/uploads\/2022\/06\/NYC-Panorama-Union-City-Mini-Dental-Implants-scaled.jpg\" class=\"bg attachment-original size-original\" alt=\"\" \/>\t\t\t\t\t\t<div class=\"section-bg-overlay absolute fill\"><\/div>\n\t\t\t\n\n\t\t<\/div>\n\n\t\t\n\n\t\t<div class=\"section-content relative\">\n\t\t\t\n\t<div id=\"gap-1808050481\" class=\"gap-element clearfix\" style=\"display:block; height:auto;\">\n\t\t\n<style>\n#gap-1808050481 {\n  padding-top: 30px;\n}\n<\/style>\n\t<\/div>\n\t\n<div class=\"row row-large\"  id=\"row-770997440\">\n\n\t<div id=\"col-1929981789\" class=\"col medium-12 small-12 large-12\"  >\n\t\t\t\t<div class=\"col-inner text-center\"  >\n\t\t\t\n\t\t\t\n<div class=\"container section-title-container\" ><h3 class=\"section-title section-title-center\"><b aria-hidden=\"true\"><\/b><span class=\"section-title-main\" style=\"font-size:200%;\">NUESTROS SERVICIOS DENTALES<\/span><b aria-hidden=\"true\"><\/b><\/h3><\/div>\n\t<div id=\"text-2563093131\" class=\"text\">\n\t\t\n<p>En nuestra consulta, nuestros m\u00e9dicos y nuestro atento personal ofrecen tratamientos individualizados dise\u00f1ados para realzar su belleza natural. Conozca los distintos tratamientos dentales cosm\u00e9ticos que ofrecemos a nuestros pacientes. Si tiene preguntas sobre cualquiera de nuestros servicios, por favor <a href=\"\/es\/contacto-con-nosotros\/\">contacto con nosotros<\/a> para concertar una consulta gratuita y as\u00ed poder ayudarle a obtener las respuestas que necesita para tomar una decisi\u00f3n informada.<\/p>\n\t\t\n<style>\n#text-2563093131 {\n  font-size: 1.4rem;\n}\n<\/style>\n\t<\/div>\n\t\n<div class=\"text-center\"><div class=\"is-divider divider clearfix\" style=\"max-width:2000px;height:1px;\"><\/div><\/div>\n<div class=\"row row-small align-center\"  id=\"row-1672250857\">\n\n\t<div id=\"col-1708835398\" class=\"col medium-12 small-12 large-4\"  >\n\t\t\t\t<div class=\"col-inner text-center text-shadow-5\"  >\n\t\t\t\n\t\t\t\n<ul>\n<li class=\"bullet-arrow\"><b><\/b><a href=\"https:\/\/unioncityminidentalimplants.com\/es\/implantes-dentales-en-union-city-nj-2\/\"><span style=\"font-size: 130%;\"><b>Implantes dentales<\/b><\/span><\/a><\/li>\n<li class=\"bullet-arrow\"><a href=\"https:\/\/unioncityminidentalimplants.com\/es\/mini-implantes-dentales-en-union-city-nj\/\"><span style=\"font-size: 130%;\"><b>Mini Implantes Dentales<\/b><\/span><\/a><\/li>\n<li class=\"bullet-arrow\"><a href=\"https:\/\/unioncityminidentalimplants.com\/es\/fix-on-six-implantes-dentales-en-union-city-nj\/\"><span style=\"font-size: 130%;\"><b>Implantes dentales Fix-on-Six<\/b><\/span><\/a><\/li>\n<li class=\"bullet-arrow\"><a href=\"https:\/\/unioncityminidentalimplants.com\/es\/dentaduras-en-union-city-nj\/\"><span style=\"font-size: 130%;\"><b>Dentaduras postizas<\/b><\/span><\/a><\/li>\n<li class=\"bullet-arrow\"><a href=\"https:\/\/unioncityminidentalimplants.com\/es\/implantes-dentales-en-union-city-nj\/\"><span style=\"font-size: 130%;\"><b>Implantes dentales en toda la boca<\/b><\/span><\/a><\/li>\n<li class=\"bullet-arrow\"><a href=\"https:\/\/unioncityminidentalimplants.com\/es\/coronas-dentales-en-union-city-nj\/\"><span style=\"font-size: 130%;\"><strong>Coronas dentales<\/strong><\/span><\/a><\/li>\n<li class=\"bullet-arrow\"><a href=\"https:\/\/unioncityminidentalimplants.com\/es\/puentes-dentales-en-union-city-nj\/\"><span style=\"font-size: 130%;\"><strong>Puentes dentales<\/strong><\/span><\/a><\/li>\n<\/ul>\n\t\t<\/div>\n\t\t\t\t\t<\/div>\n\n\t\n\n\t<div id=\"col-821586399\" class=\"col medium-12 small-12 large-4\"  >\n\t\t\t\t<div class=\"col-inner text-shadow-5\"  >\n\t\t\t\n\t\t\t\n<ul>\n<li class=\"bullet-arrow\"><a href=\"https:\/\/unioncityminidentalimplants.com\/es\/examenes-dentales-y-rayos-x-en-union-city-nj\/\"><span style=\"font-size: 130%;\"><b>Ex\u00e1menes dentales y radiograf\u00edas<\/b><\/span><\/a><\/li>\n<li class=\"bullet-arrow\"><a href=\"https:\/\/unioncityminidentalimplants.com\/es\/empastes-dentales-en-union-city-nj\/\"><strong><span style=\"font-size: 130%;\">Empastes dentales<\/span><\/strong><\/a><\/li>\n<li class=\"bullet-arrow\"><a href=\"https:\/\/unioncityminidentalimplants.com\/es\/blanqueamiento-dental-en-union-city-nj\/\"><span style=\"font-size: 130%;\"><b>Blanqueamiento dental<\/b><\/span><\/a><\/li>\n<li class=\"bullet-arrow\"><a href=\"https:\/\/unioncityminidentalimplants.com\/es\/tratamiento-de-conducto-en-union-city-nj\/\"><span style=\"font-size: 130%;\"><b>Tratamiento del conducto radicular<\/b><\/span><\/a><\/li>\n<li class=\"bullet-arrow\"><a href=\"https:\/\/unioncityminidentalimplants.com\/es\/tratamiento-periodontal-en-union-city-nj\/\"><span style=\"font-size: 130%;\"><b>Tratamiento periodontal<\/b><\/span><\/a><\/li>\n<li class=\"bullet-arrow\"><a href=\"https:\/\/unioncityminidentalimplants.com\/es\/adhesion-dental-en-union-city-nj\/\"><span style=\"font-size: 130%;\"><strong>Adhesiones dentales<\/strong><\/span><\/a><\/li>\n<li class=\"bullet-arrow\"><a href=\"https:\/\/unioncityminidentalimplants.com\/es\/extracciones-dentales-en-union-city-nj\/\"><strong><span style=\"font-size: 130%;\">Extracciones dentales<\/span><\/strong><\/a><\/li>\n<\/ul>\n\t\t<\/div>\n\t\t\t\t\t<\/div>\n\n\t\n\n\t<div id=\"col-2052260553\" class=\"col medium-12 small-12 large-4\"  >\n\t\t\t\t<div class=\"col-inner text-shadow-5\"  >\n\t\t\t\n\t\t\t\n<ul>\n<li class=\"bullet-arrow\"><span style=\"font-size: 130%;\"><b>Odontolog\u00eda cosm\u00e9tica<\/b><\/span><\/li>\n<li class=\"bullet-arrow\"><a href=\"https:\/\/unioncityminidentalimplants.com\/es\/odontologia-general-en-union-city-nj\/\"><span style=\"font-size: 130%;\"><b>Odontolog\u00eda general<\/b><\/span><\/a><\/li>\n<li class=\"bullet-arrow\"><a href=\"https:\/\/unioncityminidentalimplants.com\/es\/odontologia-preventiva-en-union-city-nj\/\"><span style=\"font-size: 130%;\"><b>Odontolog\u00eda preventiva<\/b><\/span><\/a><\/li>\n<li class=\"bullet-arrow\"><a href=\"https:\/\/unioncityminidentalimplants.com\/es\/sedacion-dental-en-union-city-nj\/\"><span style=\"font-size: 130%;\"><b>Odontolog\u00eda con sedaci\u00f3n<\/b><\/span><\/a><\/li>\n<li class=\"bullet-arrow\"><a href=\"https:\/\/unioncityminidentalimplants.com\/es\/odontologia-familiar-en-union-city-nj\/\"><span style=\"font-size: 130%;\"><b>Odontolog\u00eda familiar<\/b><\/span><\/a><\/li>\n<li class=\"bullet-arrow\"><a href=\"https:\/\/unioncityminidentalimplants.com\/es\/odontologia-de-emergencia-en-union-city-nj\/\"><span style=\"font-size: 130%;\"><b>Odontolog\u00eda de urgencia<\/b><\/span><\/a><\/li>\n<li class=\"bullet-arrow\"><a href=\"https:\/\/unioncityminidentalimplants.com\/es\/botox-en-union-city-nj\/\"><span style=\"font-size: 130%;\"><b>Botox y est\u00e9tica facial<\/b><\/span><\/a><\/li>\n<\/ul>\n\t\t<\/div>\n\t\t\t\t\t<\/div>\n\n\t\n<\/div>\n\t\t<\/div>\n\t\t\t\t\t<\/div>\n\n\t\n<\/div>\n<p><script type=\"application\/ld+json\">{<br \/>\n    \"@context\": \"http:\/\/schema.org\",<br \/>\n    \"@type\": \"Review\",<br \/>\n    \"itemReviewed\": {<br \/>\n        \"@type\": \"Product\",<br \/>\n        \"name\": \"Diana Rodriguez, DMD\"<br \/>\n    },<br \/>\n    \"reviewRating\": {<br \/>\n        \"@type\": \"Rating\",<br \/>\n        \"ratingValue\": \"5\",<br \/>\n        \"bestRating\": \"5\",<br \/>\n        \"worstRating\": \"1\"<br \/>\n    },<br \/>\n    \"name\": \"Diana Rodriguez, DMD\",<br \/>\n    \"author\": {<br \/>\n        \"@type\": \"Person\",<br \/>\n        \"name\": \"Adele Sanchez\"<br \/>\n    },<br \/>\n    \"reviewBody\": \"Wonderful experience as far as a visit to the dentist can be.  Dr. Rodriguez and her staff are extremely knowledgeable and pleasant.  Dental work that I have completed in her office has been painless and efficient.  My implants feel like my natural teeth I definitely  recommend.\"},<br \/>\n    \"datePublished\": \"2022-08-08\",<br \/>\n    \"publisher\": {<br \/>\n        \"@type\": \"Organization\",<br \/>\n        \"name\": \" Diana Rodriguez, DMD\"<br \/>\n    }<br \/>\n}<\/script><\/p>\n\t\t<\/div>\n\n\t\t\n<style>\n#section_1582572367 {\n  padding-top: 30px;\n  padding-bottom: 30px;\n  background-color: #00174c;\n}\n#section_1582572367 .section-bg-overlay {\n  background-color: rgb(0, 23, 76);\n}\n#section_1582572367 .section-bg img {\n  object-position: 46% 52%;\n}\n@media (min-width:550px) {\n  #section_1582572367 {\n    padding-top: 30px;\n    padding-bottom: 30px;\n  }\n}\n<\/style>\n\t<\/section>","protected":false},"excerpt":{"rendered":"","protected":false},"author":4,"featured_media":1605,"parent":0,"menu_order":0,"comment_status":"closed","ping_status":"closed","template":"page-blank.php","meta":{"rop_custom_images_group":[],"rop_custom_messages_group":[],"rop_publish_now":"initial","rop_publish_now_accounts":{"gmb_109265489736877664202_accounts\/109265489736877664202\/locations\/16750898241331267223":"","twitter_1584907090706964482_1584907090706964482":""},"rop_publish_now_history":[],"rop_publish_now_status":"pending","footnotes":""},"class_list":["post-14","page","type-page","status-publish","has-post-thumbnail","hentry"],"yoast_head":"<!-- This site is optimized with the Yoast SEO plugin v27.1.1 - https:\/\/yoast.com\/product\/yoast-seo-wordpress\/ -->\n<title>Dental Services at The Mini Dental Implant Centers of America<\/title>\n<meta name=\"description\" content=\"We focus on single-tooth, multiple-tooth, and full-mouth restorations using mini dental implants as well as a wide variety of dental services.\" \/>\n<meta name=\"robots\" content=\"index, follow, max-snippet:-1, max-image-preview:large, max-video-preview:-1\" \/>\n<link rel=\"canonical\" href=\"https:\/\/unioncityminidentalimplants.com\/es\/servicios\/\" \/>\n<meta property=\"og:locale\" content=\"es_ES\" \/>\n<meta property=\"og:type\" content=\"article\" \/>\n<meta property=\"og:title\" content=\"Dental Services at The Mini Dental Implant Centers of America\" \/>\n<meta property=\"og:description\" content=\"We focus on single-tooth, multiple-tooth, and full-mouth restorations using mini dental implants as well as a wide variety of dental services.\" \/>\n<meta property=\"og:url\" content=\"https:\/\/unioncityminidentalimplants.com\/es\/servicios\/\" \/>\n<meta property=\"og:site_name\" content=\"Mini Dental Implant Centers of America\" \/>\n<meta property=\"article:publisher\" content=\"https:\/\/www.facebook.com\/dianarodriguezdmd\/\" \/>\n<meta property=\"article:modified_time\" content=\"2024-10-17T11:58:17+00:00\" \/>\n<meta property=\"og:image\" content=\"https:\/\/unioncityminidentalimplants.com\/wp-content\/uploads\/2022\/10\/Dental-Services-at-The-Mini-Dental-Implant-Centers-of-America.jpg\" \/>\n\t<meta property=\"og:image:width\" content=\"500\" \/>\n\t<meta property=\"og:image:height\" content=\"334\" \/>\n\t<meta property=\"og:image:type\" content=\"image\/jpeg\" \/>\n<meta name=\"twitter:card\" content=\"summary_large_image\" \/>\n<meta name=\"twitter:site\" content=\"@drodriguezdmd\" \/>\n<meta name=\"twitter:label1\" content=\"Tiempo de lectura\" \/>\n\t<meta name=\"twitter:data1\" content=\"12 minutos\" \/>\n<script type=\"application\/ld+json\" class=\"yoast-schema-graph\">{\"@context\":\"https:\/\/schema.org\",\"@graph\":[{\"@type\":\"WebPage\",\"@id\":\"https:\/\/unioncityminidentalimplants.com\/services\/\",\"url\":\"https:\/\/unioncityminidentalimplants.com\/services\/\",\"name\":\"Dental Services at The Mini Dental Implant Centers of America\",\"isPartOf\":{\"@id\":\"https:\/\/unioncityminidentalimplants.com\/#website\"},\"primaryImageOfPage\":{\"@id\":\"https:\/\/unioncityminidentalimplants.com\/services\/#primaryimage\"},\"image\":{\"@id\":\"https:\/\/unioncityminidentalimplants.com\/services\/#primaryimage\"},\"thumbnailUrl\":\"https:\/\/unioncityminidentalimplants.com\/wp-content\/uploads\/2022\/10\/Dental-Services-at-The-Mini-Dental-Implant-Centers-of-America.jpg\",\"datePublished\":\"2022-06-09T05:11:15+00:00\",\"dateModified\":\"2024-10-17T11:58:17+00:00\",\"description\":\"We focus on single-tooth, multiple-tooth, and full-mouth restorations using mini dental implants as well as a wide variety of dental services.\",\"breadcrumb\":{\"@id\":\"https:\/\/unioncityminidentalimplants.com\/services\/#breadcrumb\"},\"inLanguage\":\"es\",\"potentialAction\":[{\"@type\":\"ReadAction\",\"target\":[\"https:\/\/unioncityminidentalimplants.com\/services\/\"]}]},{\"@type\":\"ImageObject\",\"inLanguage\":\"es\",\"@id\":\"https:\/\/unioncityminidentalimplants.com\/services\/#primaryimage\",\"url\":\"https:\/\/unioncityminidentalimplants.com\/wp-content\/uploads\/2022\/10\/Dental-Services-at-The-Mini-Dental-Implant-Centers-of-America.jpg\",\"contentUrl\":\"https:\/\/unioncityminidentalimplants.com\/wp-content\/uploads\/2022\/10\/Dental-Services-at-The-Mini-Dental-Implant-Centers-of-America.jpg\",\"width\":500,\"height\":334,\"caption\":\"Dental Services at The Mini Dental Implant Centers of America\"},{\"@type\":\"BreadcrumbList\",\"@id\":\"https:\/\/unioncityminidentalimplants.com\/services\/#breadcrumb\",\"itemListElement\":[{\"@type\":\"ListItem\",\"position\":1,\"name\":\"Home\",\"item\":\"https:\/\/unioncityminidentalimplants.com\/\"},{\"@type\":\"ListItem\",\"position\":2,\"name\":\"Services\"}]},{\"@type\":\"WebSite\",\"@id\":\"https:\/\/unioncityminidentalimplants.com\/#website\",\"url\":\"https:\/\/unioncityminidentalimplants.com\/\",\"name\":\"Mini Dental Implant Centers of America\",\"description\":\"Mini Dental Implants in Union City, NJ\",\"publisher\":{\"@id\":\"https:\/\/unioncityminidentalimplants.com\/#organization\"},\"potentialAction\":[{\"@type\":\"SearchAction\",\"target\":{\"@type\":\"EntryPoint\",\"urlTemplate\":\"https:\/\/unioncityminidentalimplants.com\/?s={search_term_string}\"},\"query-input\":{\"@type\":\"PropertyValueSpecification\",\"valueRequired\":true,\"valueName\":\"search_term_string\"}}],\"inLanguage\":\"es\"},{\"@type\":\"Organization\",\"@id\":\"https:\/\/unioncityminidentalimplants.com\/#organization\",\"name\":\"Mini Dental Implant Centers of America in Union City, NJ\",\"alternateName\":\"Diana Rodriguez, DMD - Mini Dental Implants in Union City, NJ\",\"url\":\"https:\/\/unioncityminidentalimplants.com\/\",\"logo\":{\"@type\":\"ImageObject\",\"inLanguage\":\"es\",\"@id\":\"https:\/\/unioncityminidentalimplants.com\/#\/schema\/logo\/image\/\",\"url\":\"https:\/\/unioncityminidentalimplants.com\/wp-content\/uploads\/2022\/10\/Mini-Dental-Implant-Centers-of-America-Dr.-Diana-Rodriguez-DMD-Union-City-Mini-Dental-Implants.jpg\",\"contentUrl\":\"https:\/\/unioncityminidentalimplants.com\/wp-content\/uploads\/2022\/10\/Mini-Dental-Implant-Centers-of-America-Dr.-Diana-Rodriguez-DMD-Union-City-Mini-Dental-Implants.jpg\",\"width\":900,\"height\":900,\"caption\":\"Mini Dental Implant Centers of America in Union City, NJ\"},\"image\":{\"@id\":\"https:\/\/unioncityminidentalimplants.com\/#\/schema\/logo\/image\/\"},\"sameAs\":[\"https:\/\/www.facebook.com\/dianarodriguezdmd\/\",\"https:\/\/x.com\/drodriguezdmd\",\"https:\/\/www.linkedin.com\/in\/diana-rodriguez-1801b5186\/\",\"https:\/\/www.youtube.com\/channel\/UCdMtt40myY7kQmc2PgUnW4A\"]}]}<\/script>\n<!-- \/ Yoast SEO plugin. -->","yoast_head_json":{"title":"Servicios dentales en The Mini Dental Implant Centers of America","description":"Nos centramos en restauraciones de un solo diente, de varios dientes y de toda la boca utilizando mini implantes dentales, as\u00ed como en una amplia variedad de servicios dentales.","robots":{"index":"index","follow":"follow","max-snippet":"max-snippet:-1","max-image-preview":"max-image-preview:large","max-video-preview":"max-video-preview:-1"},"canonical":"https:\/\/unioncityminidentalimplants.com\/es\/servicios\/","og_locale":"es_ES","og_type":"article","og_title":"Dental Services at The Mini Dental Implant Centers of America","og_description":"We focus on single-tooth, multiple-tooth, and full-mouth restorations using mini dental implants as well as a wide variety of dental services.","og_url":"https:\/\/unioncityminidentalimplants.com\/es\/servicios\/","og_site_name":"Mini Dental Implant Centers of America","article_publisher":"https:\/\/www.facebook.com\/dianarodriguezdmd\/","article_modified_time":"2024-10-17T11:58:17+00:00","og_image":[{"width":500,"height":334,"url":"https:\/\/unioncityminidentalimplants.com\/wp-content\/uploads\/2022\/10\/Dental-Services-at-The-Mini-Dental-Implant-Centers-of-America.jpg","type":"image\/jpeg"}],"twitter_card":"summary_large_image","twitter_site":"@drodriguezdmd","twitter_misc":{"Tiempo de lectura":"12 minutos"},"schema":{"@context":"https:\/\/schema.org","@graph":[{"@type":"WebPage","@id":"https:\/\/unioncityminidentalimplants.com\/services\/","url":"https:\/\/unioncityminidentalimplants.com\/services\/","name":"Servicios dentales en The Mini Dental Implant Centers of America","isPartOf":{"@id":"https:\/\/unioncityminidentalimplants.com\/#website"},"primaryImageOfPage":{"@id":"https:\/\/unioncityminidentalimplants.com\/services\/#primaryimage"},"image":{"@id":"https:\/\/unioncityminidentalimplants.com\/services\/#primaryimage"},"thumbnailUrl":"https:\/\/unioncityminidentalimplants.com\/wp-content\/uploads\/2022\/10\/Dental-Services-at-The-Mini-Dental-Implant-Centers-of-America.jpg","datePublished":"2022-06-09T05:11:15+00:00","dateModified":"2024-10-17T11:58:17+00:00","description":"Nos centramos en restauraciones de un solo diente, de varios dientes y de toda la boca utilizando mini implantes dentales, as\u00ed como en una amplia variedad de servicios dentales.","breadcrumb":{"@id":"https:\/\/unioncityminidentalimplants.com\/services\/#breadcrumb"},"inLanguage":"es","potentialAction":[{"@type":"ReadAction","target":["https:\/\/unioncityminidentalimplants.com\/services\/"]}]},{"@type":"ImageObject","inLanguage":"es","@id":"https:\/\/unioncityminidentalimplants.com\/services\/#primaryimage","url":"https:\/\/unioncityminidentalimplants.com\/wp-content\/uploads\/2022\/10\/Dental-Services-at-The-Mini-Dental-Implant-Centers-of-America.jpg","contentUrl":"https:\/\/unioncityminidentalimplants.com\/wp-content\/uploads\/2022\/10\/Dental-Services-at-The-Mini-Dental-Implant-Centers-of-America.jpg","width":500,"height":334,"caption":"Dental Services at The Mini Dental Implant Centers of America"},{"@type":"BreadcrumbList","@id":"https:\/\/unioncityminidentalimplants.com\/services\/#breadcrumb","itemListElement":[{"@type":"ListItem","position":1,"name":"Home","item":"https:\/\/unioncityminidentalimplants.com\/"},{"@type":"ListItem","position":2,"name":"Services"}]},{"@type":"WebSite","@id":"https:\/\/unioncityminidentalimplants.com\/#website","url":"https:\/\/unioncityminidentalimplants.com\/","name":"Mini Dental Implant Centers of America","description":"Mini Implantes Dentales en Union City, NJ","publisher":{"@id":"https:\/\/unioncityminidentalimplants.com\/#organization"},"potentialAction":[{"@type":"SearchAction","target":{"@type":"EntryPoint","urlTemplate":"https:\/\/unioncityminidentalimplants.com\/?s={search_term_string}"},"query-input":{"@type":"PropertyValueSpecification","valueRequired":true,"valueName":"search_term_string"}}],"inLanguage":"es"},{"@type":"Organization","@id":"https:\/\/unioncityminidentalimplants.com\/#organization","name":"Mini Dental Implant Centers of America en Union City, NJ","alternateName":"Diana Rodriguez, DMD - Mini Dental Implants in Union City, NJ","url":"https:\/\/unioncityminidentalimplants.com\/","logo":{"@type":"ImageObject","inLanguage":"es","@id":"https:\/\/unioncityminidentalimplants.com\/#\/schema\/logo\/image\/","url":"https:\/\/unioncityminidentalimplants.com\/wp-content\/uploads\/2022\/10\/Mini-Dental-Implant-Centers-of-America-Dr.-Diana-Rodriguez-DMD-Union-City-Mini-Dental-Implants.jpg","contentUrl":"https:\/\/unioncityminidentalimplants.com\/wp-content\/uploads\/2022\/10\/Mini-Dental-Implant-Centers-of-America-Dr.-Diana-Rodriguez-DMD-Union-City-Mini-Dental-Implants.jpg","width":900,"height":900,"caption":"Mini Dental Implant Centers of America in Union City, NJ"},"image":{"@id":"https:\/\/unioncityminidentalimplants.com\/#\/schema\/logo\/image\/"},"sameAs":["https:\/\/www.facebook.com\/dianarodriguezdmd\/","https:\/\/x.com\/drodriguezdmd","https:\/\/www.linkedin.com\/in\/diana-rodriguez-1801b5186\/","https:\/\/www.youtube.com\/channel\/UCdMtt40myY7kQmc2PgUnW4A"]}]}},"_links":{"self":[{"href":"https:\/\/unioncityminidentalimplants.com\/es\/wp-json\/wp\/v2\/pages\/14","targetHints":{"allow":["GET"]}}],"collection":[{"href":"https:\/\/unioncityminidentalimplants.com\/es\/wp-json\/wp\/v2\/pages"}],"about":[{"href":"https:\/\/unioncityminidentalimplants.com\/es\/wp-json\/wp\/v2\/types\/page"}],"author":[{"embeddable":true,"href":"https:\/\/unioncityminidentalimplants.com\/es\/wp-json\/wp\/v2\/users\/4"}],"replies":[{"embeddable":true,"href":"https:\/\/unioncityminidentalimplants.com\/es\/wp-json\/wp\/v2\/comments?post=14"}],"version-history":[{"count":0,"href":"https:\/\/unioncityminidentalimplants.com\/es\/wp-json\/wp\/v2\/pages\/14\/revisions"}],"wp:featuredmedia":[{"embeddable":true,"href":"https:\/\/unioncityminidentalimplants.com\/es\/wp-json\/wp\/v2\/media\/1605"}],"wp:attachment":[{"href":"https:\/\/unioncityminidentalimplants.com\/es\/wp-json\/wp\/v2\/media?parent=14"}],"curies":[{"name":"wp","href":"https:\/\/api.w.org\/{rel}","templated":true}]}}