{"id":17,"date":"2022-06-09T02:18:16","date_gmt":"2022-06-09T06:18:16","guid":{"rendered":"https:\/\/unioncityminidentalimplants.com\/?page_id=17"},"modified":"2025-05-05T14:23:57","modified_gmt":"2025-05-05T18:23:57","slug":"videoteca","status":"publish","type":"page","link":"https:\/\/unioncityminidentalimplants.com\/es\/video-library\/","title":{"rendered":"Videoteca"},"content":{"rendered":"<section class=\"section\" id=\"section_1305231820\">\n\t\t<div class=\"section-bg fill\" >\n\t\t\t\t\t\t\t\t\t\n\t\t\t\n\n\t\t<\/div>\n\n\t\t\n\n\t\t<div class=\"section-content relative\">\n\t\t\t\n\t<div id=\"gap-182880109\" class=\"gap-element clearfix\" style=\"display:block; height:auto;\">\n\t\t\n<style>\n#gap-182880109 {\n  padding-top: 30px;\n}\n<\/style>\n\t<\/div>\n\t\n<div class=\"row row-full-width align-bottom\"  id=\"row-548924520\">\n\n\t<div id=\"col-1234297980\" class=\"col small-12 large-12\"  >\n\t\t\t\t<div class=\"col-inner\"  >\n\t\t\t\n\t\t\t\n<div class=\"row align-middle\"  id=\"row-1460118273\">\n\n\t<div id=\"col-465424578\" class=\"col medium-8 small-12 large-8\"  >\n\t\t\t\t<div class=\"col-inner\"  >\n\t\t\t\n\t\t\t\n\t<div id=\"text-3054500501\" class=\"text\">\n\t\t\n<h1 class=\"uppercase\" style=\"text-align: left;\">VEA NUESTROS VIDEOS EDUCATIVOS<\/h1>\n<p>Obtenga respuestas a sus preguntas m\u00e1s frecuentes mientras aprende sobre los servicios que ofrecemos y las condiciones que tratamos en nuestra cl\u00ednica dental. Si todav\u00eda tiene preguntas despu\u00e9s de ver nuestros v\u00eddeos, por favor <a href=\"https:\/\/unioncityminidentalimplants.com\/es\/contacto-con-nosotros\/\">contacto con nosotros<\/a> para una consulta gratuita para que podamos ayudarle a obtener las respuestas que necesita para tomar una decisi\u00f3n informada sobre su salud oral.<\/p>\n\t\t\n<style>\n#text-3054500501 {\n  font-size: 1.3rem;\n}\n<\/style>\n\t<\/div>\n\t\n\t\t<\/div>\n\t\t\t\t\t<\/div>\n\n\t\n\n\t<div id=\"col-1889498320\" class=\"col medium-4 small-12 large-4\"  >\n\t\t\t\t<div class=\"col-inner\"  >\n\t\t\t\n\t\t\t\n<div class=\"video video-fit mb\" style=\"padding-top:56.25%;\"><p><iframe loading=\"lazy\" title=\"Implantes Dentales en Union City, NJ | Diana Rodriguez, DMD | Mini Dental Implant Center of America\" width=\"1020\" height=\"574\" src=\"https:\/\/www.youtube.com\/embed\/mU6tDid6Z0U?wmode=transparent&amp;rel=0&amp;feature=oembed\" frameborder=\"0\" allow=\"accelerometer; autoplay; clipboard-write; encrypted-media; gyroscope; picture-in-picture; web-share\" referrerpolicy=\"strict-origin-when-cross-origin\" allowfullscreen><\/iframe><\/p>\n<\/div>\n\t\t<\/div>\n\t\t\t\t\t<\/div>\n\n\t\n<\/div>\n\t\t<\/div>\n\t\t\t\t\t<\/div>\n\n\t\n<\/div>\n\t\t<\/div>\n\n\t\t\n<style>\n#section_1305231820 {\n  padding-top: 0px;\n  padding-bottom: 0px;\n  background-color: rgb(241, 241, 241);\n}\n<\/style>\n\t<\/section>\n\t\n<div class=\"row align-center\"  id=\"row-1281617312\">\n\n\t<div id=\"col-533539885\" class=\"col medium-4 small-12 large-4\"  >\n\t\t\t\t<div class=\"col-inner\"  >\n\t\t\t\n\t\t\t\n<h3><span style=\"text-decoration: underline;\"><strong>Conoce a nuestro equipo<\/strong><\/span><\/h3>\n<ul>\n<li class=\"bullet-arrow\"><a href=\"https:\/\/unioncityminidentalimplants.com\/es\/dr-diana-rodriguez-introduccion\/\"><strong>Presentaci\u00f3n de la Dra. Diana Rodr\u00edguez<\/strong><\/a><\/li>\n<li class=\"bullet-arrow\"><a href=\"https:\/\/unioncityminidentalimplants.com\/es\/dr-samuel-lemieux-introduccion\/\"><strong>Presentaci\u00f3n del Dr. Samuel Lemieux<\/strong><\/a><\/li>\n<li class=\"bullet-arrow\"><a href=\"https:\/\/unioncityminidentalimplants.com\/es\/rodman-rodriguez-introduccion\/\"><strong>Presentaci\u00f3n de Rodman Rodr\u00edguez<\/strong><\/a><\/li>\n<\/ul>\n<h3><span style=\"text-decoration: underline;\"><strong>Preguntas frecuentes sobre las citas<\/strong><\/span><\/h3>\n<ul>\n<li class=\"bullet-arrow\"><a href=\"https:\/\/unioncityminidentalimplants.com\/es\/que-incluye-su-consulta-gratuita\/\"><strong>\u00bfQu\u00e9 incluye nuestra consulta gratuita?<\/strong><\/a><\/li>\n<li class=\"bullet-arrow\"><a href=\"https:\/\/unioncityminidentalimplants.com\/es\/que-esperar-de-la-consulta\/\"><strong>Qu\u00e9 esperar en la consulta<\/strong><\/a><\/li>\n<li class=\"bullet-arrow\"><a href=\"https:\/\/unioncityminidentalimplants.com\/es\/que-pasa-si-tengo-ansiedad-dental\/\"><strong>\u00bfY si tengo ansiedad dental?<\/strong><\/a><\/li>\n<li class=\"bullet-arrow\"><a href=\"https:\/\/unioncityminidentalimplants.com\/es\/opciones-de-odontologia-bajo-sedacion\/\"><strong>Opciones de odontolog\u00eda bajo sedaci\u00f3n<\/strong><\/a><\/li>\n<li class=\"bullet-arrow\"><a href=\"https:\/\/unioncityminidentalimplants.com\/es\/que-son-las-radiografias-dentales-cbct\/\"><strong>\u00bfQu\u00e9 son las radiograf\u00edas dentales CBCT?<\/strong><\/a><\/li>\n<li class=\"bullet-arrow\"><a href=\"https:\/\/unioncityminidentalimplants.com\/es\/imagenes-por-tomografia-computarizada-de-haz-conico\/\"><strong>Im\u00e1genes de TC de haz c\u00f3nico<\/strong><\/a><\/li>\n<\/ul>\n<h3><span style=\"text-decoration: underline;\"><strong>Blanqueamiento dental<\/strong><\/span><\/h3>\n<ul>\n<li class=\"bullet-arrow\"><a href=\"https:\/\/unioncityminidentalimplants.com\/es\/blanqueamiento-dental\/\"><strong>Blanqueamiento dental<\/strong><\/a><\/li>\n<li class=\"bullet-arrow\"><a href=\"https:\/\/unioncityminidentalimplants.com\/es\/opciones-de-blanqueamiento-dental\/\"><strong>Opciones de blanqueamiento dental<\/strong><\/a><\/li>\n<li class=\"bullet-arrow\"><a href=\"https:\/\/unioncityminidentalimplants.com\/es\/blanqueamiento-dental-ismile\/\"><strong>Blanqueamiento dental iSmile<\/strong><\/a><\/li>\n<li class=\"bullet-arrow\"><strong><a href=\"https:\/\/unioncityminidentalimplants.com\/es\/blanqueamiento-dental-profesional-frente-al-blanqueamiento-de-venta-libre\/\">Blanqueamiento dental profesional frente a blanqueamiento de venta libre<\/a> <\/strong><\/li>\n<\/ul>\n<h3><span style=\"text-decoration: underline;\"><strong>Preguntas frecuentes sobre odontolog\u00eda general<\/strong><\/span><\/h3>\n<ul>\n<li class=\"bullet-arrow\"><a href=\"https:\/\/unioncityminidentalimplants.com\/es\/que-es-la-enfermedad-de-las-encias\/\"><strong>\u00bfQu\u00e9 es la enfermedad de las enc\u00edas?<\/strong><\/a><\/li>\n<li class=\"bullet-arrow\"><a href=\"https:\/\/unioncityminidentalimplants.com\/es\/que-es-la-adhesion-dental\/\"><strong>\u00bfQu\u00e9 es la adhesi\u00f3n dental?<\/strong><\/a><\/li>\n<li class=\"bullet-arrow\"><a href=\"https:\/\/unioncityminidentalimplants.com\/es\/que-es-un-empaste-dental\/\"><strong>\u00bfQu\u00e9 es un empaste dental?<\/strong><\/a><\/li>\n<li class=\"bullet-arrow\"><a href=\"https:\/\/unioncityminidentalimplants.com\/es\/que-es-un-puente-dental\/\"><strong>\u00bfQu\u00e9 es un puente dental?<\/strong><\/a><\/li>\n<\/ul>\n\t\t<\/div>\n\t\t\t\t\t<\/div>\n\n\t\n\n\t<div id=\"col-662448161\" class=\"col medium-4 small-12 large-4\"  >\n\t\t\t\t<div class=\"col-inner\"  >\n\t\t\t\n\t\t\t\n<h3><span style=\"text-decoration: underline;\"><strong style=\"font-size: 20.16px;\">Mini Implantes Dentales<\/strong><\/span><\/h3>\n<ul>\n<li class=\"bullet-arrow\"><a href=\"https:\/\/unioncityminidentalimplants.com\/es\/que-es-un-miniimplante-dental\/\"><strong>\u00bfQu\u00e9 es un miniimplante dental?<\/strong><\/a><\/li>\n<li class=\"bullet-arrow\"><a href=\"https:\/\/unioncityminidentalimplants.com\/es\/quien-es-un-buen-candidato-para-los-miniimplantes-dentales\/\"><strong>\u00bfQui\u00e9n es un buen candidato para los mini implantes dentales?<\/strong><\/a><\/li>\n<li class=\"bullet-arrow\"><a href=\"https:\/\/unioncityminidentalimplants.com\/es\/beneficios-de-los-mini-implantes-dentales\/\"><strong>Beneficios de los mini implantes dentales<\/strong><\/a><\/li>\n<li class=\"bullet-arrow\"><a href=\"https:\/\/unioncityminidentalimplants.com\/es\/opciones-de-financiacion-para-miniimplantes-dentales\/\"><strong>Opciones de financiaci\u00f3n para los mini implantes dentales<\/strong><\/a><\/li>\n<li class=\"bullet-arrow\"><a href=\"https:\/\/unioncityminidentalimplants.com\/es\/explicacion-del-proceso-de-miniimplante-dental\/\"><strong>Explicaci\u00f3n del proceso de miniimplante dental<\/strong><\/a><\/li>\n<li class=\"bullet-arrow\"><a href=\"https:\/\/unioncityminidentalimplants.com\/es\/que-son-las-protesis-implantosoportadas\/\"><strong>\u00bfQu\u00e9 son las pr\u00f3tesis dentales sobre implantes?<\/strong><\/a><\/li>\n<li class=\"bullet-arrow\"><a href=\"https:\/\/unioncityminidentalimplants.com\/es\/que-es-una-sobredentadura\/\"><strong>\u00bfQu\u00e9 es una sobredentadura?<\/strong><\/a><\/li>\n<li class=\"bullet-arrow\"><a href=\"https:\/\/unioncityminidentalimplants.com\/es\/mini-implantes-dentales-coste\/\"><strong>\u00bfCu\u00e1nto cuestan los mini implantes dentales?<\/strong><\/a><\/li>\n<li class=\"bullet-arrow\"><a href=\"https:\/\/unioncityminidentalimplants.com\/es\/cuanto-duran-los-miniimplantes-dentales\/\"><strong>\u00bfCu\u00e1nto duran los mini implantes dentales?<\/strong><\/a><\/li>\n<li class=\"bullet-arrow\"><a href=\"https:\/\/unioncityminidentalimplants.com\/es\/que-pasa-si-no-tengo-suficiente-hueso-para-un-implante-dental\/\"><strong>\u00bfQu\u00e9 pasa si no tengo suficiente hueso para un implante dental?<\/strong><\/a><\/li>\n<li class=\"bullet-arrow\"><a href=\"https:\/\/unioncityminidentalimplants.com\/es\/opciones-de-sustitucion-dental\/\"><strong>Opciones de sustituci\u00f3n de dientes<\/strong><\/a><\/li>\n<li class=\"bullet-arrow\"><a href=\"https:\/\/unioncityminidentalimplants.com\/es\/el-seguro-dental-cubre-los-implantes\/\"><strong>\u00bfCubre el seguro dental los implantes?<\/strong><\/a><\/li>\n<li class=\"bullet-arrow\"><a href=\"https:\/\/unioncityminidentalimplants.com\/es\/requieren-injertos-oseos-los-miniimplantes-dentales\/\"><strong>\u00bfNecesitan los mini implantes dentales un injerto \u00f3seo?<\/strong><\/a><\/li>\n<li class=\"bullet-arrow\"><a href=\"https:\/\/unioncityminidentalimplants.com\/es\/alternativas-a-la-dentadura\/\"><strong>Alternativas a las pr\u00f3tesis dentales<\/strong><\/a><\/li>\n<li class=\"bullet-arrow\"><a href=\"https:\/\/unioncityminidentalimplants.com\/es\/explicacion-de-las-etapas-de-la-perdida-osea\/\"><strong>Explicaci\u00f3n de las etapas de la p\u00e9rdida \u00f3sea<\/strong><\/a><\/li>\n<li class=\"bullet-arrow\"><a href=\"https:\/\/unioncityminidentalimplants.com\/es\/miniimplantes-dentales-con-perdida-osea\/\"><strong>Mini implantes dentales con p\u00e9rdida de hueso<\/strong><\/a><\/li>\n<li class=\"bullet-arrow\"><a href=\"https:\/\/unioncityminidentalimplants.com\/es\/miniimplantes-dentales-frente-a-implantes-dentales-convencionales\/\"><strong>Mini implantes dentales frente a los implantes dentales convencionales<\/strong><\/a><\/li>\n<li class=\"bullet-arrow\"><a href=\"https:\/\/unioncityminidentalimplants.com\/es\/miniimplante-dental-tras-extraccion-dental\/\"><strong>Mini-implante dental despu\u00e9s de la extracci\u00f3n de un diente<\/strong><\/a><\/li>\n<\/ul>\n\t\t<\/div>\n\t\t\t\t\t<\/div>\n\n\t\n\n\t<div id=\"col-2012291722\" class=\"col medium-4 small-12 large-4\"  >\n\t\t\t\t<div class=\"col-inner\"  >\n\t\t\t\n\t\t\t\n<h3><span style=\"text-decoration: underline;\"><strong>V\u00eddeos en espa\u00f1ol<\/strong><\/span><\/h3>\n<ul>\n<li class=\"bullet-arrow\"><a href=\"https:\/\/unioncityminidentalimplants.com\/es\/introduccion-de-diana-rodriguez\/\"><strong>Introducci\u00f3n de Diana Rodr\u00edguez<\/strong><\/a><\/li>\n<li class=\"bullet-arrow\"><a href=\"https:\/\/unioncityminidentalimplants.com\/es\/introduccion-de-rodman-rodriguez\/\"><strong>Introducci\u00f3n de Rodman Rodr\u00edguez<\/strong><\/a><\/li>\n<li class=\"bullet-arrow\"><a href=\"https:\/\/unioncityminidentalimplants.com\/es\/lo-que-puede-esperar-en-su-consulta-gratuita\/\"><strong>Lo que puede esperar en su consulta gratuita<\/strong><\/a><\/li>\n<li class=\"bullet-arrow\"><a href=\"https:\/\/unioncityminidentalimplants.com\/es\/que-es-un-mini-implante-dental\/\"><strong>\u00bfQu\u00e9 es un mini implante dental?<\/strong><\/a><\/li>\n<li class=\"bullet-arrow\"><a href=\"https:\/\/unioncityminidentalimplants.com\/es\/explicacion-de-los-miniimplantes-dentales\/\"><strong>Explicaci\u00f3n de los mini implantes dentales<\/strong><\/a><\/li>\n<li class=\"bullet-arrow\"><a href=\"https:\/\/unioncityminidentalimplants.com\/es\/que-costo-tienen-los-mini-implantes-dentales\/\"><strong>\u00bfQu\u00e9 coste tienen los mini implantes dentales?<\/strong><\/a><\/li>\n<li class=\"bullet-arrow\"><a href=\"https:\/\/unioncityminidentalimplants.com\/es\/dental-finance-options\/\"><strong>Opciones de financiaci\u00f3n dental<\/strong><\/a><\/li>\n<li class=\"bullet-arrow\"><a href=\"https:\/\/unioncityminidentalimplants.com\/es\/reemplazo-de-un-solo-diente-con-mini-implantes-dentales\/\"><strong>Reemplazo de un solo diente con mini implantes dentales<\/strong><\/a><\/li>\n<li class=\"bullet-arrow\"><a href=\"https:\/\/unioncityminidentalimplants.com\/es\/reemplazo-de-varios-dientes-con-mini-implantes-dentales\/\"><strong>Reemplazo de varios dientes con mini implantes dentales<\/strong><\/a><\/li>\n<li class=\"bullet-arrow\"><a href=\"https:\/\/unioncityminidentalimplants.com\/es\/reemplazo-de-dientes-perdidos\/\"><strong>Reemplazo de dientes perdidos<\/strong><\/a><\/li>\n<\/ul>\n\t\t<\/div>\n\t\t\t\t\t<\/div>\n\n\t\n<\/div>","protected":false},"excerpt":{"rendered":"","protected":false},"author":4,"featured_media":947,"parent":0,"menu_order":0,"comment_status":"closed","ping_status":"closed","template":"","meta":{"rop_custom_images_group":[],"rop_custom_messages_group":[],"rop_publish_now":"initial","rop_publish_now_accounts":{"gmb_109265489736877664202_accounts\/109265489736877664202\/locations\/16750898241331267223":"","twitter_1584907090706964482_1584907090706964482":""},"rop_publish_now_history":[],"rop_publish_now_status":"pending","footnotes":""},"class_list":["post-17","page","type-page","status-publish","has-post-thumbnail","hentry"],"yoast_head":"<!-- This site is optimized with the Yoast SEO plugin v27.1.1 - https:\/\/yoast.com\/product\/yoast-seo-wordpress\/ -->\n<title>Video Library &amp; FAQs | Mini Dental Implant Centers of America<\/title>\n<meta name=\"description\" content=\"Watch our video library to get answers to your frequently asked questions while learning about the services we provide at our dental practice.\" \/>\n<meta name=\"robots\" content=\"index, follow, max-snippet:-1, max-image-preview:large, max-video-preview:-1\" \/>\n<link rel=\"canonical\" href=\"https:\/\/unioncityminidentalimplants.com\/es\/videoteca\/\" \/>\n<meta property=\"og:locale\" content=\"es_ES\" \/>\n<meta property=\"og:type\" content=\"article\" \/>\n<meta property=\"og:title\" content=\"Video Library &amp; FAQs | Mini Dental Implant Centers of America\" \/>\n<meta property=\"og:description\" content=\"Watch our video library to get answers to your frequently asked questions while learning about the services we provide at our dental practice.\" \/>\n<meta property=\"og:url\" content=\"https:\/\/unioncityminidentalimplants.com\/es\/videoteca\/\" \/>\n<meta property=\"og:site_name\" content=\"Mini Dental Implant Centers of America\" \/>\n<meta property=\"article:publisher\" content=\"https:\/\/www.facebook.com\/dianarodriguezdmd\/\" \/>\n<meta property=\"article:modified_time\" content=\"2025-05-05T18:23:57+00:00\" \/>\n<meta property=\"og:image\" content=\"https:\/\/unioncityminidentalimplants.com\/wp-content\/uploads\/2022\/09\/Video-Library-FAQs-Mini-Dental-Implant-Centers-of-America.jpg\" \/>\n\t<meta property=\"og:image:width\" content=\"500\" \/>\n\t<meta property=\"og:image:height\" content=\"300\" \/>\n\t<meta property=\"og:image:type\" content=\"image\/jpeg\" \/>\n<meta name=\"twitter:card\" content=\"summary_large_image\" \/>\n<meta name=\"twitter:site\" content=\"@drodriguezdmd\" \/>\n<meta name=\"twitter:label1\" content=\"Tiempo de lectura\" \/>\n\t<meta name=\"twitter:data1\" content=\"2 minutos\" \/>\n<script type=\"application\/ld+json\" class=\"yoast-schema-graph\">{\"@context\":\"https:\/\/schema.org\",\"@graph\":[{\"@type\":\"WebPage\",\"@id\":\"https:\/\/unioncityminidentalimplants.com\/video-library\/\",\"url\":\"https:\/\/unioncityminidentalimplants.com\/video-library\/\",\"name\":\"Video Library & FAQs | Mini Dental Implant Centers of America\",\"isPartOf\":{\"@id\":\"https:\/\/unioncityminidentalimplants.com\/#website\"},\"primaryImageOfPage\":{\"@id\":\"https:\/\/unioncityminidentalimplants.com\/video-library\/#primaryimage\"},\"image\":{\"@id\":\"https:\/\/unioncityminidentalimplants.com\/video-library\/#primaryimage\"},\"thumbnailUrl\":\"https:\/\/unioncityminidentalimplants.com\/wp-content\/uploads\/2022\/09\/Video-Library-FAQs-Mini-Dental-Implant-Centers-of-America.jpg\",\"datePublished\":\"2022-06-09T06:18:16+00:00\",\"dateModified\":\"2025-05-05T18:23:57+00:00\",\"description\":\"Watch our video library to get answers to your frequently asked questions while learning about the services we provide at our dental practice.\",\"breadcrumb\":{\"@id\":\"https:\/\/unioncityminidentalimplants.com\/video-library\/#breadcrumb\"},\"inLanguage\":\"es\",\"potentialAction\":[{\"@type\":\"ReadAction\",\"target\":[\"https:\/\/unioncityminidentalimplants.com\/video-library\/\"]}]},{\"@type\":\"ImageObject\",\"inLanguage\":\"es\",\"@id\":\"https:\/\/unioncityminidentalimplants.com\/video-library\/#primaryimage\",\"url\":\"https:\/\/unioncityminidentalimplants.com\/wp-content\/uploads\/2022\/09\/Video-Library-FAQs-Mini-Dental-Implant-Centers-of-America.jpg\",\"contentUrl\":\"https:\/\/unioncityminidentalimplants.com\/wp-content\/uploads\/2022\/09\/Video-Library-FAQs-Mini-Dental-Implant-Centers-of-America.jpg\",\"width\":500,\"height\":300,\"caption\":\"Video Library & FAQs Mini Dental Implant Centers of America\"},{\"@type\":\"BreadcrumbList\",\"@id\":\"https:\/\/unioncityminidentalimplants.com\/video-library\/#breadcrumb\",\"itemListElement\":[{\"@type\":\"ListItem\",\"position\":1,\"name\":\"Home\",\"item\":\"https:\/\/unioncityminidentalimplants.com\/\"},{\"@type\":\"ListItem\",\"position\":2,\"name\":\"Video Library\"}]},{\"@type\":\"WebSite\",\"@id\":\"https:\/\/unioncityminidentalimplants.com\/#website\",\"url\":\"https:\/\/unioncityminidentalimplants.com\/\",\"name\":\"Mini Dental Implant Centers of America\",\"description\":\"Mini Dental Implants in Union City, NJ\",\"publisher\":{\"@id\":\"https:\/\/unioncityminidentalimplants.com\/#organization\"},\"potentialAction\":[{\"@type\":\"SearchAction\",\"target\":{\"@type\":\"EntryPoint\",\"urlTemplate\":\"https:\/\/unioncityminidentalimplants.com\/?s={search_term_string}\"},\"query-input\":{\"@type\":\"PropertyValueSpecification\",\"valueRequired\":true,\"valueName\":\"search_term_string\"}}],\"inLanguage\":\"es\"},{\"@type\":\"Organization\",\"@id\":\"https:\/\/unioncityminidentalimplants.com\/#organization\",\"name\":\"Mini Dental Implant Centers of America in Union City, NJ\",\"alternateName\":\"Diana Rodriguez, DMD - Mini Dental Implants in Union City, NJ\",\"url\":\"https:\/\/unioncityminidentalimplants.com\/\",\"logo\":{\"@type\":\"ImageObject\",\"inLanguage\":\"es\",\"@id\":\"https:\/\/unioncityminidentalimplants.com\/#\/schema\/logo\/image\/\",\"url\":\"https:\/\/unioncityminidentalimplants.com\/wp-content\/uploads\/2022\/10\/Mini-Dental-Implant-Centers-of-America-Dr.-Diana-Rodriguez-DMD-Union-City-Mini-Dental-Implants.jpg\",\"contentUrl\":\"https:\/\/unioncityminidentalimplants.com\/wp-content\/uploads\/2022\/10\/Mini-Dental-Implant-Centers-of-America-Dr.-Diana-Rodriguez-DMD-Union-City-Mini-Dental-Implants.jpg\",\"width\":900,\"height\":900,\"caption\":\"Mini Dental Implant Centers of America in Union City, NJ\"},\"image\":{\"@id\":\"https:\/\/unioncityminidentalimplants.com\/#\/schema\/logo\/image\/\"},\"sameAs\":[\"https:\/\/www.facebook.com\/dianarodriguezdmd\/\",\"https:\/\/x.com\/drodriguezdmd\",\"https:\/\/www.linkedin.com\/in\/diana-rodriguez-1801b5186\/\",\"https:\/\/www.youtube.com\/channel\/UCdMtt40myY7kQmc2PgUnW4A\"]}]}<\/script>\n<!-- \/ Yoast SEO plugin. -->","yoast_head_json":{"title":"Videoteca y preguntas frecuentes | Mini Dental Implant Centers of America","description":"Vea nuestra videoteca para obtener respuestas a las preguntas m\u00e1s frecuentes y conocer los servicios que ofrecemos en nuestra cl\u00ednica dental.","robots":{"index":"index","follow":"follow","max-snippet":"max-snippet:-1","max-image-preview":"max-image-preview:large","max-video-preview":"max-video-preview:-1"},"canonical":"https:\/\/unioncityminidentalimplants.com\/es\/videoteca\/","og_locale":"es_ES","og_type":"article","og_title":"Video Library & FAQs | Mini Dental Implant Centers of America","og_description":"Watch our video library to get answers to your frequently asked questions while learning about the services we provide at our dental practice.","og_url":"https:\/\/unioncityminidentalimplants.com\/es\/videoteca\/","og_site_name":"Mini Dental Implant Centers of America","article_publisher":"https:\/\/www.facebook.com\/dianarodriguezdmd\/","article_modified_time":"2025-05-05T18:23:57+00:00","og_image":[{"width":500,"height":300,"url":"https:\/\/unioncityminidentalimplants.com\/wp-content\/uploads\/2022\/09\/Video-Library-FAQs-Mini-Dental-Implant-Centers-of-America.jpg","type":"image\/jpeg"}],"twitter_card":"summary_large_image","twitter_site":"@drodriguezdmd","twitter_misc":{"Tiempo de lectura":"2 minutos"},"schema":{"@context":"https:\/\/schema.org","@graph":[{"@type":"WebPage","@id":"https:\/\/unioncityminidentalimplants.com\/video-library\/","url":"https:\/\/unioncityminidentalimplants.com\/video-library\/","name":"Videoteca y preguntas frecuentes | Mini Dental Implant Centers of America","isPartOf":{"@id":"https:\/\/unioncityminidentalimplants.com\/#website"},"primaryImageOfPage":{"@id":"https:\/\/unioncityminidentalimplants.com\/video-library\/#primaryimage"},"image":{"@id":"https:\/\/unioncityminidentalimplants.com\/video-library\/#primaryimage"},"thumbnailUrl":"https:\/\/unioncityminidentalimplants.com\/wp-content\/uploads\/2022\/09\/Video-Library-FAQs-Mini-Dental-Implant-Centers-of-America.jpg","datePublished":"2022-06-09T06:18:16+00:00","dateModified":"2025-05-05T18:23:57+00:00","description":"Vea nuestra videoteca para obtener respuestas a las preguntas m\u00e1s frecuentes y conocer los servicios que ofrecemos en nuestra cl\u00ednica dental.","breadcrumb":{"@id":"https:\/\/unioncityminidentalimplants.com\/video-library\/#breadcrumb"},"inLanguage":"es","potentialAction":[{"@type":"ReadAction","target":["https:\/\/unioncityminidentalimplants.com\/video-library\/"]}]},{"@type":"ImageObject","inLanguage":"es","@id":"https:\/\/unioncityminidentalimplants.com\/video-library\/#primaryimage","url":"https:\/\/unioncityminidentalimplants.com\/wp-content\/uploads\/2022\/09\/Video-Library-FAQs-Mini-Dental-Implant-Centers-of-America.jpg","contentUrl":"https:\/\/unioncityminidentalimplants.com\/wp-content\/uploads\/2022\/09\/Video-Library-FAQs-Mini-Dental-Implant-Centers-of-America.jpg","width":500,"height":300,"caption":"Video Library & FAQs Mini Dental Implant Centers of America"},{"@type":"BreadcrumbList","@id":"https:\/\/unioncityminidentalimplants.com\/video-library\/#breadcrumb","itemListElement":[{"@type":"ListItem","position":1,"name":"Home","item":"https:\/\/unioncityminidentalimplants.com\/"},{"@type":"ListItem","position":2,"name":"Video Library"}]},{"@type":"WebSite","@id":"https:\/\/unioncityminidentalimplants.com\/#website","url":"https:\/\/unioncityminidentalimplants.com\/","name":"Mini Dental Implant Centers of America","description":"Mini Implantes Dentales en Union City, NJ","publisher":{"@id":"https:\/\/unioncityminidentalimplants.com\/#organization"},"potentialAction":[{"@type":"SearchAction","target":{"@type":"EntryPoint","urlTemplate":"https:\/\/unioncityminidentalimplants.com\/?s={search_term_string}"},"query-input":{"@type":"PropertyValueSpecification","valueRequired":true,"valueName":"search_term_string"}}],"inLanguage":"es"},{"@type":"Organization","@id":"https:\/\/unioncityminidentalimplants.com\/#organization","name":"Mini Dental Implant Centers of America en Union City, NJ","alternateName":"Diana Rodriguez, DMD - Mini Dental Implants in Union City, NJ","url":"https:\/\/unioncityminidentalimplants.com\/","logo":{"@type":"ImageObject","inLanguage":"es","@id":"https:\/\/unioncityminidentalimplants.com\/#\/schema\/logo\/image\/","url":"https:\/\/unioncityminidentalimplants.com\/wp-content\/uploads\/2022\/10\/Mini-Dental-Implant-Centers-of-America-Dr.-Diana-Rodriguez-DMD-Union-City-Mini-Dental-Implants.jpg","contentUrl":"https:\/\/unioncityminidentalimplants.com\/wp-content\/uploads\/2022\/10\/Mini-Dental-Implant-Centers-of-America-Dr.-Diana-Rodriguez-DMD-Union-City-Mini-Dental-Implants.jpg","width":900,"height":900,"caption":"Mini Dental Implant Centers of America in Union City, NJ"},"image":{"@id":"https:\/\/unioncityminidentalimplants.com\/#\/schema\/logo\/image\/"},"sameAs":["https:\/\/www.facebook.com\/dianarodriguezdmd\/","https:\/\/x.com\/drodriguezdmd","https:\/\/www.linkedin.com\/in\/diana-rodriguez-1801b5186\/","https:\/\/www.youtube.com\/channel\/UCdMtt40myY7kQmc2PgUnW4A"]}]}},"_links":{"self":[{"href":"https:\/\/unioncityminidentalimplants.com\/es\/wp-json\/wp\/v2\/pages\/17","targetHints":{"allow":["GET"]}}],"collection":[{"href":"https:\/\/unioncityminidentalimplants.com\/es\/wp-json\/wp\/v2\/pages"}],"about":[{"href":"https:\/\/unioncityminidentalimplants.com\/es\/wp-json\/wp\/v2\/types\/page"}],"author":[{"embeddable":true,"href":"https:\/\/unioncityminidentalimplants.com\/es\/wp-json\/wp\/v2\/users\/4"}],"replies":[{"embeddable":true,"href":"https:\/\/unioncityminidentalimplants.com\/es\/wp-json\/wp\/v2\/comments?post=17"}],"version-history":[{"count":0,"href":"https:\/\/unioncityminidentalimplants.com\/es\/wp-json\/wp\/v2\/pages\/17\/revisions"}],"wp:featuredmedia":[{"embeddable":true,"href":"https:\/\/unioncityminidentalimplants.com\/es\/wp-json\/wp\/v2\/media\/947"}],"wp:attachment":[{"href":"https:\/\/unioncityminidentalimplants.com\/es\/wp-json\/wp\/v2\/media?parent=17"}],"curies":[{"name":"wp","href":"https:\/\/api.w.org\/{rel}","templated":true}]}}