{"id":58360,"date":"2025-11-10T01:40:12","date_gmt":"2025-11-10T06:40:12","guid":{"rendered":"https:\/\/unioncityminidentalimplants.com\/?page_id=58360"},"modified":"2025-11-10T01:41:33","modified_gmt":"2025-11-10T06:41:33","slug":"consulta-virtual-sobre-implantes","status":"publish","type":"page","link":"https:\/\/unioncityminidentalimplants.com\/es\/virtual-implant-consultation\/","title":{"rendered":"Consulta virtual sobre implantes"},"content":{"rendered":"<div id=\"text-2426861125\" class=\"text\">\n<h1>Reserve una consulta virtual gratuita sobre implantes<\/h1>\n<p>Los mini implantes dentales cuestan aproximadamente la mitad que los implantes convencionales, lo que hace que una sonrisa de confianza sea m\u00e1s asequible que nunca. En el Mini Dental Implant Center of America de Union City, la Dra. Diana Rodr\u00edguez y su equipo combinan la asequibilidad con una calidad sin concesiones, ofreciendo opciones de pago y financiaci\u00f3n flexibles que se adaptan a su presupuesto. Programe su consulta virtual gratuita sobre implantes hoy mismo para averiguar si es candidato para este procedimiento transformador y obtenga respuesta a todas sus preguntas desde casa antes de comenzar el tratamiento. <strong>Citas limitadas, reserve ahora.<\/strong><\/p>\n<\/div>\n<div class=\"row\"  id=\"row-1107974531\">\n\n\t<div id=\"col-226012979\" class=\"col medium-8 small-12 large-8\"  >\n\t\t\t\t<div class=\"col-inner\"  >\n\t\t\t\n\t\t\t\n\t\t<\/div>\n\t\t\t\t\t<\/div>\n\n\t\n\n\t<div id=\"col-1527462448\" class=\"col medium-4 small-12 large-4\"  >\n\t\t\t\t<div class=\"col-inner\"  >\n\t\t\t\n\t\t\t\n\t\t<\/div>\n\t\t\t\t\t<\/div>\n\n\t\n<\/div>","protected":false},"excerpt":{"rendered":"<p>Book A Free Virtual Implant Consultation Mini dental implants cost about half as much as conventional implants, making a confident smile more attainable than ever. At the Mini Dental Implant Center of America in Union City, Dr. Diana Rodriguez and her team combine affordability with uncompromising quality, offering flexible payment and financing options to fit [&#8230;]\n","protected":false},"author":5,"featured_media":58361,"parent":0,"menu_order":0,"comment_status":"closed","ping_status":"closed","template":"","meta":{"rop_custom_images_group":[],"rop_custom_messages_group":[],"rop_publish_now":"initial","rop_publish_now_accounts":{"gmb_109265489736877664202_accounts\/109265489736877664202\/locations\/16750898241331267223":"","twitter_1584907090706964482_1584907090706964482":""},"rop_publish_now_history":[],"rop_publish_now_status":"pending","footnotes":""},"class_list":["post-58360","page","type-page","status-publish","has-post-thumbnail","hentry"],"yoast_head":"<!-- This site is optimized with the Yoast SEO plugin v27.1.1 - https:\/\/yoast.com\/product\/yoast-seo-wordpress\/ -->\n<title>Book A Free Virtual Implant Consultation with Dr. Diana Rodriguez<\/title>\n<meta name=\"description\" content=\"Schedule your free virtual implant consultation today to find out if you\u2019re a candidate for this transformative procedure today.\" \/>\n<meta name=\"robots\" content=\"index, follow, max-snippet:-1, max-image-preview:large, max-video-preview:-1\" \/>\n<link rel=\"canonical\" href=\"https:\/\/unioncityminidentalimplants.com\/es\/consulta-virtual-sobre-implantes\/\" \/>\n<meta property=\"og:locale\" content=\"es_ES\" \/>\n<meta property=\"og:type\" content=\"article\" \/>\n<meta property=\"og:title\" content=\"Book A Free Virtual Implant Consultation with Dr. Diana Rodriguez\" \/>\n<meta property=\"og:description\" content=\"Schedule your free virtual implant consultation today to find out if you\u2019re a candidate for this transformative procedure today.\" \/>\n<meta property=\"og:url\" content=\"https:\/\/unioncityminidentalimplants.com\/es\/consulta-virtual-sobre-implantes\/\" \/>\n<meta property=\"og:site_name\" content=\"Mini Dental Implant Centers of America\" \/>\n<meta property=\"article:publisher\" content=\"https:\/\/www.facebook.com\/dianarodriguezdmd\/\" \/>\n<meta property=\"article:modified_time\" content=\"2025-11-10T06:41:33+00:00\" \/>\n<meta property=\"og:image\" content=\"https:\/\/unioncityminidentalimplants.com\/wp-content\/uploads\/2025\/11\/Book-A-Free-Virtual-Implant-Consultation-with-Dr.-Diana-Rodriguez.jpg\" \/>\n\t<meta property=\"og:image:width\" content=\"1000\" \/>\n\t<meta property=\"og:image:height\" content=\"668\" \/>\n\t<meta property=\"og:image:type\" content=\"image\/jpeg\" \/>\n<meta name=\"twitter:card\" content=\"summary_large_image\" \/>\n<meta name=\"twitter:site\" content=\"@drodriguezdmd\" \/>\n<meta name=\"twitter:label1\" content=\"Tiempo de lectura\" \/>\n\t<meta name=\"twitter:data1\" content=\"1 minuto\" \/>\n<script type=\"application\/ld+json\" class=\"yoast-schema-graph\">{\"@context\":\"https:\/\/schema.org\",\"@graph\":[{\"@type\":\"WebPage\",\"@id\":\"https:\/\/unioncityminidentalimplants.com\/virtual-implant-consultation\/\",\"url\":\"https:\/\/unioncityminidentalimplants.com\/virtual-implant-consultation\/\",\"name\":\"Book A Free Virtual Implant Consultation with Dr. Diana Rodriguez\",\"isPartOf\":{\"@id\":\"https:\/\/unioncityminidentalimplants.com\/#website\"},\"primaryImageOfPage\":{\"@id\":\"https:\/\/unioncityminidentalimplants.com\/virtual-implant-consultation\/#primaryimage\"},\"image\":{\"@id\":\"https:\/\/unioncityminidentalimplants.com\/virtual-implant-consultation\/#primaryimage\"},\"thumbnailUrl\":\"https:\/\/unioncityminidentalimplants.com\/wp-content\/uploads\/2025\/11\/Book-A-Free-Virtual-Implant-Consultation-with-Dr.-Diana-Rodriguez.jpg\",\"datePublished\":\"2025-11-10T06:40:12+00:00\",\"dateModified\":\"2025-11-10T06:41:33+00:00\",\"description\":\"Schedule your free virtual implant consultation today to find out if you\u2019re a candidate for this transformative procedure today.\",\"breadcrumb\":{\"@id\":\"https:\/\/unioncityminidentalimplants.com\/virtual-implant-consultation\/#breadcrumb\"},\"inLanguage\":\"es\",\"potentialAction\":[{\"@type\":\"ReadAction\",\"target\":[\"https:\/\/unioncityminidentalimplants.com\/virtual-implant-consultation\/\"]}]},{\"@type\":\"ImageObject\",\"inLanguage\":\"es\",\"@id\":\"https:\/\/unioncityminidentalimplants.com\/virtual-implant-consultation\/#primaryimage\",\"url\":\"https:\/\/unioncityminidentalimplants.com\/wp-content\/uploads\/2025\/11\/Book-A-Free-Virtual-Implant-Consultation-with-Dr.-Diana-Rodriguez.jpg\",\"contentUrl\":\"https:\/\/unioncityminidentalimplants.com\/wp-content\/uploads\/2025\/11\/Book-A-Free-Virtual-Implant-Consultation-with-Dr.-Diana-Rodriguez.jpg\",\"width\":1000,\"height\":668,\"caption\":\"Book A Free Virtual Implant Consultation with Dr. Diana Rodriguez\"},{\"@type\":\"BreadcrumbList\",\"@id\":\"https:\/\/unioncityminidentalimplants.com\/virtual-implant-consultation\/#breadcrumb\",\"itemListElement\":[{\"@type\":\"ListItem\",\"position\":1,\"name\":\"Home\",\"item\":\"https:\/\/unioncityminidentalimplants.com\/\"},{\"@type\":\"ListItem\",\"position\":2,\"name\":\"Virtual Implant Consultation\"}]},{\"@type\":\"WebSite\",\"@id\":\"https:\/\/unioncityminidentalimplants.com\/#website\",\"url\":\"https:\/\/unioncityminidentalimplants.com\/\",\"name\":\"Mini Dental Implant Centers of America\",\"description\":\"Mini Dental Implants in Union City, NJ\",\"publisher\":{\"@id\":\"https:\/\/unioncityminidentalimplants.com\/#organization\"},\"potentialAction\":[{\"@type\":\"SearchAction\",\"target\":{\"@type\":\"EntryPoint\",\"urlTemplate\":\"https:\/\/unioncityminidentalimplants.com\/?s={search_term_string}\"},\"query-input\":{\"@type\":\"PropertyValueSpecification\",\"valueRequired\":true,\"valueName\":\"search_term_string\"}}],\"inLanguage\":\"es\"},{\"@type\":\"Organization\",\"@id\":\"https:\/\/unioncityminidentalimplants.com\/#organization\",\"name\":\"Mini Dental Implant Centers of America in Union City, NJ\",\"alternateName\":\"Diana Rodriguez, DMD - Mini Dental Implants in Union City, NJ\",\"url\":\"https:\/\/unioncityminidentalimplants.com\/\",\"logo\":{\"@type\":\"ImageObject\",\"inLanguage\":\"es\",\"@id\":\"https:\/\/unioncityminidentalimplants.com\/#\/schema\/logo\/image\/\",\"url\":\"https:\/\/unioncityminidentalimplants.com\/wp-content\/uploads\/2022\/10\/Mini-Dental-Implant-Centers-of-America-Dr.-Diana-Rodriguez-DMD-Union-City-Mini-Dental-Implants.jpg\",\"contentUrl\":\"https:\/\/unioncityminidentalimplants.com\/wp-content\/uploads\/2022\/10\/Mini-Dental-Implant-Centers-of-America-Dr.-Diana-Rodriguez-DMD-Union-City-Mini-Dental-Implants.jpg\",\"width\":900,\"height\":900,\"caption\":\"Mini Dental Implant Centers of America in Union City, NJ\"},\"image\":{\"@id\":\"https:\/\/unioncityminidentalimplants.com\/#\/schema\/logo\/image\/\"},\"sameAs\":[\"https:\/\/www.facebook.com\/dianarodriguezdmd\/\",\"https:\/\/x.com\/drodriguezdmd\",\"https:\/\/www.linkedin.com\/in\/diana-rodriguez-1801b5186\/\",\"https:\/\/www.youtube.com\/channel\/UCdMtt40myY7kQmc2PgUnW4A\"]}]}<\/script>\n<!-- \/ Yoast SEO plugin. -->","yoast_head_json":{"title":"Reserve una consulta virtual gratuita sobre implantes con la Dra. Diana Rodr\u00edguez","description":"Programe hoy mismo su consulta virtual gratuita sobre implantes para averiguar si es candidato a este procedimiento transformador.","robots":{"index":"index","follow":"follow","max-snippet":"max-snippet:-1","max-image-preview":"max-image-preview:large","max-video-preview":"max-video-preview:-1"},"canonical":"https:\/\/unioncityminidentalimplants.com\/es\/consulta-virtual-sobre-implantes\/","og_locale":"es_ES","og_type":"article","og_title":"Book A Free Virtual Implant Consultation with Dr. Diana Rodriguez","og_description":"Schedule your free virtual implant consultation today to find out if you\u2019re a candidate for this transformative procedure today.","og_url":"https:\/\/unioncityminidentalimplants.com\/es\/consulta-virtual-sobre-implantes\/","og_site_name":"Mini Dental Implant Centers of America","article_publisher":"https:\/\/www.facebook.com\/dianarodriguezdmd\/","article_modified_time":"2025-11-10T06:41:33+00:00","og_image":[{"width":1000,"height":668,"url":"https:\/\/unioncityminidentalimplants.com\/wp-content\/uploads\/2025\/11\/Book-A-Free-Virtual-Implant-Consultation-with-Dr.-Diana-Rodriguez.jpg","type":"image\/jpeg"}],"twitter_card":"summary_large_image","twitter_site":"@drodriguezdmd","twitter_misc":{"Tiempo de lectura":"1 minuto"},"schema":{"@context":"https:\/\/schema.org","@graph":[{"@type":"WebPage","@id":"https:\/\/unioncityminidentalimplants.com\/virtual-implant-consultation\/","url":"https:\/\/unioncityminidentalimplants.com\/virtual-implant-consultation\/","name":"Reserve una consulta virtual gratuita sobre implantes con la Dra. Diana Rodr\u00edguez","isPartOf":{"@id":"https:\/\/unioncityminidentalimplants.com\/#website"},"primaryImageOfPage":{"@id":"https:\/\/unioncityminidentalimplants.com\/virtual-implant-consultation\/#primaryimage"},"image":{"@id":"https:\/\/unioncityminidentalimplants.com\/virtual-implant-consultation\/#primaryimage"},"thumbnailUrl":"https:\/\/unioncityminidentalimplants.com\/wp-content\/uploads\/2025\/11\/Book-A-Free-Virtual-Implant-Consultation-with-Dr.-Diana-Rodriguez.jpg","datePublished":"2025-11-10T06:40:12+00:00","dateModified":"2025-11-10T06:41:33+00:00","description":"Programe hoy mismo su consulta virtual gratuita sobre implantes para averiguar si es candidato a este procedimiento transformador.","breadcrumb":{"@id":"https:\/\/unioncityminidentalimplants.com\/virtual-implant-consultation\/#breadcrumb"},"inLanguage":"es","potentialAction":[{"@type":"ReadAction","target":["https:\/\/unioncityminidentalimplants.com\/virtual-implant-consultation\/"]}]},{"@type":"ImageObject","inLanguage":"es","@id":"https:\/\/unioncityminidentalimplants.com\/virtual-implant-consultation\/#primaryimage","url":"https:\/\/unioncityminidentalimplants.com\/wp-content\/uploads\/2025\/11\/Book-A-Free-Virtual-Implant-Consultation-with-Dr.-Diana-Rodriguez.jpg","contentUrl":"https:\/\/unioncityminidentalimplants.com\/wp-content\/uploads\/2025\/11\/Book-A-Free-Virtual-Implant-Consultation-with-Dr.-Diana-Rodriguez.jpg","width":1000,"height":668,"caption":"Book A Free Virtual Implant Consultation with Dr. Diana Rodriguez"},{"@type":"BreadcrumbList","@id":"https:\/\/unioncityminidentalimplants.com\/virtual-implant-consultation\/#breadcrumb","itemListElement":[{"@type":"ListItem","position":1,"name":"Home","item":"https:\/\/unioncityminidentalimplants.com\/"},{"@type":"ListItem","position":2,"name":"Virtual Implant Consultation"}]},{"@type":"WebSite","@id":"https:\/\/unioncityminidentalimplants.com\/#website","url":"https:\/\/unioncityminidentalimplants.com\/","name":"Mini Dental Implant Centers of America","description":"Mini Implantes Dentales en Union City, NJ","publisher":{"@id":"https:\/\/unioncityminidentalimplants.com\/#organization"},"potentialAction":[{"@type":"SearchAction","target":{"@type":"EntryPoint","urlTemplate":"https:\/\/unioncityminidentalimplants.com\/?s={search_term_string}"},"query-input":{"@type":"PropertyValueSpecification","valueRequired":true,"valueName":"search_term_string"}}],"inLanguage":"es"},{"@type":"Organization","@id":"https:\/\/unioncityminidentalimplants.com\/#organization","name":"Mini Dental Implant Centers of America en Union City, NJ","alternateName":"Diana Rodriguez, DMD - Mini Dental Implants in Union City, NJ","url":"https:\/\/unioncityminidentalimplants.com\/","logo":{"@type":"ImageObject","inLanguage":"es","@id":"https:\/\/unioncityminidentalimplants.com\/#\/schema\/logo\/image\/","url":"https:\/\/unioncityminidentalimplants.com\/wp-content\/uploads\/2022\/10\/Mini-Dental-Implant-Centers-of-America-Dr.-Diana-Rodriguez-DMD-Union-City-Mini-Dental-Implants.jpg","contentUrl":"https:\/\/unioncityminidentalimplants.com\/wp-content\/uploads\/2022\/10\/Mini-Dental-Implant-Centers-of-America-Dr.-Diana-Rodriguez-DMD-Union-City-Mini-Dental-Implants.jpg","width":900,"height":900,"caption":"Mini Dental Implant Centers of America in Union City, NJ"},"image":{"@id":"https:\/\/unioncityminidentalimplants.com\/#\/schema\/logo\/image\/"},"sameAs":["https:\/\/www.facebook.com\/dianarodriguezdmd\/","https:\/\/x.com\/drodriguezdmd","https:\/\/www.linkedin.com\/in\/diana-rodriguez-1801b5186\/","https:\/\/www.youtube.com\/channel\/UCdMtt40myY7kQmc2PgUnW4A"]}]}},"_links":{"self":[{"href":"https:\/\/unioncityminidentalimplants.com\/es\/wp-json\/wp\/v2\/pages\/58360","targetHints":{"allow":["GET"]}}],"collection":[{"href":"https:\/\/unioncityminidentalimplants.com\/es\/wp-json\/wp\/v2\/pages"}],"about":[{"href":"https:\/\/unioncityminidentalimplants.com\/es\/wp-json\/wp\/v2\/types\/page"}],"author":[{"embeddable":true,"href":"https:\/\/unioncityminidentalimplants.com\/es\/wp-json\/wp\/v2\/users\/5"}],"replies":[{"embeddable":true,"href":"https:\/\/unioncityminidentalimplants.com\/es\/wp-json\/wp\/v2\/comments?post=58360"}],"version-history":[{"count":0,"href":"https:\/\/unioncityminidentalimplants.com\/es\/wp-json\/wp\/v2\/pages\/58360\/revisions"}],"wp:featuredmedia":[{"embeddable":true,"href":"https:\/\/unioncityminidentalimplants.com\/es\/wp-json\/wp\/v2\/media\/58361"}],"wp:attachment":[{"href":"https:\/\/unioncityminidentalimplants.com\/es\/wp-json\/wp\/v2\/media?parent=58360"}],"curies":[{"name":"wp","href":"https:\/\/api.w.org\/{rel}","templated":true}]}}